{"id":166,"date":"2023-06-10T22:09:16","date_gmt":"2023-06-10T22:09:16","guid":{"rendered":"http:\/\/www.bodegonalejandro.com\/contact\/"},"modified":"2025-10-20T08:45:44","modified_gmt":"2025-10-20T08:45:44","slug":"contact","status":"publish","type":"page","link":"https:\/\/www.bodegonalejandro.com\/fr\/contact\/","title":{"rendered":"Contact"},"content":{"rendered":"<p>Restaurante Bodeg\u00f3n Alejandro<br \/>\nC\/ Ferm\u00edn Calbet\u00f3n, n\u00ba 4<br \/>\n20003 Donostia<\/p>\n<p>Tel.: +34 943 427 158<br \/>\n<a href=\"mailto:info@bodegonalejandro.com\">info@bodegonalejandro.com<\/a><\/p>\n<p>Du mercredi au dimanche : de 13h00 \u00e0 15h00 et de 20h00 \u00e0 22h00<br data-start=\"62\" data-end=\"65\" \/>Ferm\u00e9 le lundi et le mardi<\/p>\n<p><a href=\"mailto:rrhh@ixogrupo.com\">Travaillez avec nous<\/a><\/p>\n<p>&nbsp;<\/p>\n","protected":false},"excerpt":{"rendered":"<p>Restaurante Bodeg\u00f3n Alejandro C\/ Ferm\u00edn Calbet\u00f3n, n\u00ba 4 20003 Donostia Tel.: +34 943 427 158 info@bodegonalejandro.com Du mercredi au dimanche : de 13h00 \u00e0 15h00 et de 20h00 \u00e0 22h00Ferm\u00e9 le lundi et le mardi Travaillez avec nous &nbsp;<\/p>\n","protected":false},"author":2,"featured_media":68,"parent":0,"menu_order":0,"comment_status":"closed","ping_status":"closed","template":"page-etg-contacto.php","meta":{"_acf_changed":false,"footnotes":""},"class_list":["post-166","page","type-page","status-publish","has-post-thumbnail","hentry"],"acf":[],"_links":{"self":[{"href":"https:\/\/www.bodegonalejandro.com\/fr\/wp-json\/wp\/v2\/pages\/166","targetHints":{"allow":["GET"]}}],"collection":[{"href":"https:\/\/www.bodegonalejandro.com\/fr\/wp-json\/wp\/v2\/pages"}],"about":[{"href":"https:\/\/www.bodegonalejandro.com\/fr\/wp-json\/wp\/v2\/types\/page"}],"author":[{"embeddable":true,"href":"https:\/\/www.bodegonalejandro.com\/fr\/wp-json\/wp\/v2\/users\/2"}],"replies":[{"embeddable":true,"href":"https:\/\/www.bodegonalejandro.com\/fr\/wp-json\/wp\/v2\/comments?post=166"}],"version-history":[{"count":9,"href":"https:\/\/www.bodegonalejandro.com\/fr\/wp-json\/wp\/v2\/pages\/166\/revisions"}],"predecessor-version":[{"id":688,"href":"https:\/\/www.bodegonalejandro.com\/fr\/wp-json\/wp\/v2\/pages\/166\/revisions\/688"}],"wp:featuredmedia":[{"embeddable":true,"href":"https:\/\/www.bodegonalejandro.com\/fr\/wp-json\/wp\/v2\/media\/68"}],"wp:attachment":[{"href":"https:\/\/www.bodegonalejandro.com\/fr\/wp-json\/wp\/v2\/media?parent=166"}],"curies":[{"name":"wp","href":"https:\/\/api.w.org\/{rel}","templated":true}]}}