{"id":182,"date":"2023-06-10T22:08:53","date_gmt":"2023-06-10T22:08:53","guid":{"rendered":"http:\/\/www.bodegonalejandro.com\/cadeau\/"},"modified":"2023-07-21T09:03:41","modified_gmt":"2023-07-21T09:03:41","slug":"cadeau","status":"publish","type":"page","link":"https:\/\/www.bodegonalejandro.com\/fr\/cadeau\/","title":{"rendered":"Cadeau"},"content":{"rendered":"<p>Bodeg\u00f3n Alejandro vous offre la possibilit\u00e9 de faire un cadeau sp\u00e9cial et diff\u00e9rent, l\u00b4authentique gastronomie de San Sebastian au c\u0153ur de la vieille ville de San Sebasti\u00e1n.<\/p>\n<p><script type=\"text\/javascript\" src=\"https:\/\/www.covermanager.com\/js\/iframeResizer.min.js\"><\/script><iframe loading=\"lazy\" title=\"Reservas\" src=\"https:\/\/www.covermanager.com\/eco\/buy_products\/bodegon-alejandro\/french\" frameborder=\"0\" height=\"550\" width=\"100%\" onload=\"iFrameResize();\"><\/iframe><\/p>\n","protected":false},"excerpt":{"rendered":"<p>Bodeg\u00f3n Alejandro vous offre la possibilit\u00e9 de faire un cadeau sp\u00e9cial et diff\u00e9rent, l\u00b4authentique gastronomie de San Sebastian au c\u0153ur de la vieille ville de San Sebasti\u00e1n.<\/p>\n","protected":false},"author":2,"featured_media":153,"parent":0,"menu_order":0,"comment_status":"closed","ping_status":"closed","template":"page-etg-iframe-imagen-arriba.php","meta":{"_acf_changed":false,"footnotes":""},"class_list":["post-182","page","type-page","status-publish","has-post-thumbnail","hentry"],"acf":[],"_links":{"self":[{"href":"https:\/\/www.bodegonalejandro.com\/fr\/wp-json\/wp\/v2\/pages\/182","targetHints":{"allow":["GET"]}}],"collection":[{"href":"https:\/\/www.bodegonalejandro.com\/fr\/wp-json\/wp\/v2\/pages"}],"about":[{"href":"https:\/\/www.bodegonalejandro.com\/fr\/wp-json\/wp\/v2\/types\/page"}],"author":[{"embeddable":true,"href":"https:\/\/www.bodegonalejandro.com\/fr\/wp-json\/wp\/v2\/users\/2"}],"replies":[{"embeddable":true,"href":"https:\/\/www.bodegonalejandro.com\/fr\/wp-json\/wp\/v2\/comments?post=182"}],"version-history":[{"count":1,"href":"https:\/\/www.bodegonalejandro.com\/fr\/wp-json\/wp\/v2\/pages\/182\/revisions"}],"predecessor-version":[{"id":244,"href":"https:\/\/www.bodegonalejandro.com\/fr\/wp-json\/wp\/v2\/pages\/182\/revisions\/244"}],"wp:featuredmedia":[{"embeddable":true,"href":"https:\/\/www.bodegonalejandro.com\/fr\/wp-json\/wp\/v2\/media\/153"}],"wp:attachment":[{"href":"https:\/\/www.bodegonalejandro.com\/fr\/wp-json\/wp\/v2\/media?parent=182"}],"curies":[{"name":"wp","href":"https:\/\/api.w.org\/{rel}","templated":true}]}}