{"id":187,"date":"2023-06-10T22:08:43","date_gmt":"2023-06-10T22:08:43","guid":{"rendered":"http:\/\/www.bodegonalejandro.com\/reservations\/"},"modified":"2026-02-06T08:03:52","modified_gmt":"2026-02-06T08:03:52","slug":"reservations","status":"publish","type":"page","link":"https:\/\/www.bodegonalejandro.com\/fr\/reservations\/","title":{"rendered":"Res\u00e9rvations"},"content":{"rendered":"<p>Nous disposons d&rsquo;un <a href=\"https:\/\/www.bodegonalejandro.com\/fr\/txoko\/\">txoko<\/a>, un espace unique pens\u00e9 pour les groupes de 4 \u00e0 8 convives o\u00f9 profiter de notre cuisine avec une plus grande intimit\u00e9.<br \/>\n<iframe loading=\"lazy\" id=\"my-iframe\" title=\"Res\u00e9rvations\" src=\"https:\/\/www.covermanager.com\/reservation\/module_restaurant\/bodegon-alejandro\/french\" width=\"100%\" height=\"550\" frameborder=\"0\"><span data-mce-type=\"bookmark\" style=\"display: inline-block; width: 0px; overflow: hidden; line-height: 0;\" class=\"mce_SELRES_start\"><\/span><\/iframe><\/p>\n<p>Vous pouvez <a href=\"https:\/\/www.bodegonalejandro.com\/fr\/politica-privacidad\/\" target=\"_blank\" rel=\"noopener\">annuler<\/a> votre r\u00e9servation sans frais jusqu&rsquo;\u00e0 <strong>6 heures<\/strong> \u00e0 l&rsquo;avance.<br \/>\nEn cas de non-pr\u00e9sentation ou d&rsquo;annulation apr\u00e8s ce d\u00e9lai, la carte de cr\u00e9dit\/d\u00e9bit fournie sera d\u00e9bit\u00e9e de <strong>30 \u20ac par personne<\/strong>.<\/p>\n","protected":false},"excerpt":{"rendered":"<p>Nous disposons d&rsquo;un txoko, un espace unique pens\u00e9 pour les groupes de 4 \u00e0 8 convives o\u00f9 profiter de notre cuisine avec une plus grande intimit\u00e9. Vous pouvez annuler votre r\u00e9servation sans frais jusqu&rsquo;\u00e0 6 heures \u00e0 l&rsquo;avance. En cas de non-pr\u00e9sentation ou d&rsquo;annulation apr\u00e8s ce d\u00e9lai, la carte de cr\u00e9dit\/d\u00e9bit fournie sera d\u00e9bit\u00e9e de [&hellip;]<\/p>\n","protected":false},"author":2,"featured_media":260,"parent":0,"menu_order":0,"comment_status":"closed","ping_status":"closed","template":"page-etg-iframe.php","meta":{"_acf_changed":false,"footnotes":""},"class_list":["post-187","page","type-page","status-publish","has-post-thumbnail","hentry"],"acf":[],"_links":{"self":[{"href":"https:\/\/www.bodegonalejandro.com\/fr\/wp-json\/wp\/v2\/pages\/187","targetHints":{"allow":["GET"]}}],"collection":[{"href":"https:\/\/www.bodegonalejandro.com\/fr\/wp-json\/wp\/v2\/pages"}],"about":[{"href":"https:\/\/www.bodegonalejandro.com\/fr\/wp-json\/wp\/v2\/types\/page"}],"author":[{"embeddable":true,"href":"https:\/\/www.bodegonalejandro.com\/fr\/wp-json\/wp\/v2\/users\/2"}],"replies":[{"embeddable":true,"href":"https:\/\/www.bodegonalejandro.com\/fr\/wp-json\/wp\/v2\/comments?post=187"}],"version-history":[{"count":13,"href":"https:\/\/www.bodegonalejandro.com\/fr\/wp-json\/wp\/v2\/pages\/187\/revisions"}],"predecessor-version":[{"id":737,"href":"https:\/\/www.bodegonalejandro.com\/fr\/wp-json\/wp\/v2\/pages\/187\/revisions\/737"}],"wp:featuredmedia":[{"embeddable":true,"href":"https:\/\/www.bodegonalejandro.com\/fr\/wp-json\/wp\/v2\/media\/260"}],"wp:attachment":[{"href":"https:\/\/www.bodegonalejandro.com\/fr\/wp-json\/wp\/v2\/media?parent=187"}],"curies":[{"name":"wp","href":"https:\/\/api.w.org\/{rel}","templated":true}]}}