{"id":492,"date":"2024-07-24T12:44:22","date_gmt":"2024-07-24T12:44:22","guid":{"rendered":"https:\/\/www.bodegonalejandro.com\/txoko\/"},"modified":"2024-08-20T07:49:22","modified_gmt":"2024-08-20T07:49:22","slug":"txoko","status":"publish","type":"page","link":"https:\/\/www.bodegonalejandro.com\/fr\/txoko\/","title":{"rendered":"Txoko"},"content":{"rendered":"<p>Un txoko est un lieu qui marie cuisine et tradition, et o\u00f9 les aliments sont tout aussi importants que les personnes avec lesquelles ils sont partag\u00e9s.<\/p>\n<p>\u00c0 Bodeg\u00f3n Alejandro, nous poss\u00e9dons une salle \u00e0 manger priv\u00e9e pour d\u00e9guster par groupes de 4 \u00e0 8\u00a0convives la gastronomie authentique de Donostia, tout cela en discutant, savourant et profitant comme si vous \u00e9tiez \u00e0 la maison.<\/p>\n<p><button><a href=\"https:\/\/www.bodegonalejandro.com\/fr\/reservations\/\">R\u00e9server<\/a><\/button><\/p>\n","protected":false},"excerpt":{"rendered":"<p>Un txoko est un lieu qui marie cuisine et tradition, et o\u00f9 les aliments sont tout aussi importants que les personnes avec lesquelles ils sont partag\u00e9s. \u00c0 Bodeg\u00f3n Alejandro, nous poss\u00e9dons une salle \u00e0 manger priv\u00e9e pour d\u00e9guster par groupes de 4 \u00e0 8\u00a0convives la gastronomie authentique de Donostia, tout cela en discutant, savourant et [&hellip;]<\/p>\n","protected":false},"author":2,"featured_media":534,"parent":0,"menu_order":0,"comment_status":"closed","ping_status":"closed","template":"page-etg-imagen-arriba.php","meta":{"_acf_changed":false,"footnotes":""},"class_list":["post-492","page","type-page","status-publish","has-post-thumbnail","hentry"],"acf":[],"_links":{"self":[{"href":"https:\/\/www.bodegonalejandro.com\/fr\/wp-json\/wp\/v2\/pages\/492","targetHints":{"allow":["GET"]}}],"collection":[{"href":"https:\/\/www.bodegonalejandro.com\/fr\/wp-json\/wp\/v2\/pages"}],"about":[{"href":"https:\/\/www.bodegonalejandro.com\/fr\/wp-json\/wp\/v2\/types\/page"}],"author":[{"embeddable":true,"href":"https:\/\/www.bodegonalejandro.com\/fr\/wp-json\/wp\/v2\/users\/2"}],"replies":[{"embeddable":true,"href":"https:\/\/www.bodegonalejandro.com\/fr\/wp-json\/wp\/v2\/comments?post=492"}],"version-history":[{"count":4,"href":"https:\/\/www.bodegonalejandro.com\/fr\/wp-json\/wp\/v2\/pages\/492\/revisions"}],"predecessor-version":[{"id":550,"href":"https:\/\/www.bodegonalejandro.com\/fr\/wp-json\/wp\/v2\/pages\/492\/revisions\/550"}],"wp:featuredmedia":[{"embeddable":true,"href":"https:\/\/www.bodegonalejandro.com\/fr\/wp-json\/wp\/v2\/media\/534"}],"wp:attachment":[{"href":"https:\/\/www.bodegonalejandro.com\/fr\/wp-json\/wp\/v2\/media?parent=492"}],"curies":[{"name":"wp","href":"https:\/\/api.w.org\/{rel}","templated":true}]}}